{"id":387,"date":"2022-11-29T11:39:34","date_gmt":"2022-11-29T14:39:34","guid":{"rendered":"https:\/\/vilapixel.com\/clientes\/funnypics\/site\/?page_id=387"},"modified":"2023-02-03T16:44:31","modified_gmt":"2023-02-03T19:44:31","slug":"funny-pics","status":"publish","type":"page","link":"https:\/\/vilapixel.com\/clientes\/funnypics\/site\/home\/funny-pics\/","title":{"rendered":"Funny Pics"},"content":{"rendered":"\n\n  <div class=\"banner has-hover has-video has-parallax\" id=\"banner-571438587\">\n          <div class=\"banner-inner fill\">\n        <div class=\"banner-bg fill\" data-parallax=\"-3\" data-parallax-container=\".banner\" data-parallax-background>\n            <div class=\"bg fill bg-fill bg-loaded\"><\/div>\n            \t<div class=\"video-overlay no-click fill visible\"><\/div>\n\t<video class=\"video-bg fill visible\" preload playsinline autoplay\n\t\tmuted\t\tloop>\n\t\t<source src=\"https:\/\/vilapixel.com\/clientes\/funnypics\/site\/wp-content\/uploads\/2022\/11\/VIDEO-BG-MINI-KOMBI.mp4\" type=\"video\/mp4\">\t<\/video>\n            <div class=\"overlay\"><\/div>            \n                    <\/div>\n\t\t\n        <div class=\"banner-layers container\">\n            <div class=\"fill banner-link\"><\/div>            \n\n   <div id=\"text-box-901703756\" class=\"text-box banner-layer x50 md-x50 lg-x50 y50 md-y50 lg-y50 res-text\">\n                                <div class=\"text-box-content text dark\">\n              \n              <div class=\"text-inner text-center\">\n                  \n\n<h1 class=\"lead\">Funny Pics<\/h1>\n<p class=\"lead\">Registrar momentos inesquec\u00edveis \u00e9 o nosso lema.<\/p>\n<a href=\"https:\/\/vilapixel.com\/clientes\/funnypics\/site\/nossos-produtos\/\" target=\"_self\" class=\"button primary\"  style=\"border-radius:5px;\">\n    <span>CONHE\u00c7A NOSSOS PRODUTOS!<\/span>\n  <\/a>\n\n\n\n              <\/div>\n           <\/div>\n                            \n<style>\n#text-box-901703756 {\n  width: 65%;\n}\n#text-box-901703756 .text-box-content {\n  font-size: 100%;\n}\n@media (min-width:550px) {\n  #text-box-901703756 {\n    width: 47%;\n  }\n}\n<\/style>\n    <\/div>\n \n\n        <\/div>\n      <\/div>\n\n            \n<style>\n#banner-571438587 {\n  padding-top: 454px;\n}\n#banner-571438587 .bg.bg-loaded {\n  background-image: url(https:\/\/vilapixel.com\/clientes\/funnypics\/site\/wp-content\/uploads\/2016\/08\/dummy-2.jpg);\n}\n#banner-571438587 .overlay {\n  background-color: rgba(90, 37, 150, 0.872);\n}\n#banner-571438587 .ux-shape-divider--top svg {\n  height: 150px;\n  --divider-top-width: 100%;\n}\n#banner-571438587 .ux-shape-divider--bottom svg {\n  height: 150px;\n  --divider-width: 100%;\n}\n<\/style>\n  <\/div>\n\n\n\t<section class=\"section\" id=\"section_1666307418\">\n\t\t<div class=\"bg section-bg fill bg-fill bg-loaded bg-loaded\" >\n\n\t\t\t\n\t\t\t\n\t\t\t\n\n\t\t<\/div>\n\n\t\t\n\n\t\t<div class=\"section-content relative\">\n\t\t\t\n\n<div class=\"row\"  id=\"row-1813898211\">\n\n\n\t<div id=\"col-1910000546\" class=\"col medium-6 small-12 large-6\"  data-animate=\"fadeInLeft\">\n\t\t\t\t<div class=\"col-inner text-center\"  >\n\t\t\t\n\t\t\t\n\n\t<div id=\"text-2986986829\" class=\"text\">\n\t\t\n\n<p class=\"lead\" style=\"text-align: left; color:#000\">Registrar  <strong style=\"color:#f21a7f\">momentos inesquec\u00edveis<\/strong> \u00e9 o nosso lema.<\/p>\n<p class=\"lead\" style=\"color:#000\">A paix\u00e3o por fotografia aliados com a excel\u00eancia na presta\u00e7\u00e3o dos servi\u00e7os fazem da <strong style=\"color:#f21a7f\">FunnyPics<\/strong> uma empresa refer\u00eancia em Fotografias Instant\u00e2neas na regi\u00e3o metropolitana de Campinas.<\/p>\n<p class=\"lead\" style=\"color:#000\">A <strong style=\"color:#f21a7f\">FunnyPics<\/strong> desenvolve seus produtos utilizando o que h\u00e1 de mais moderno no mercado. Design dos equipamentos, utiliza\u00e7\u00e3o de C\u00e2meras Profissionais DSLR, software com postagem em redes sociais, impressoras profissionais, promotores e t\u00e9cnicos treinados, s\u00e3o alguns dos diferenciais que tornam as fotografias da sua festa ou evento uma recorda\u00e7\u00e3o para toda a vida.<\/p>\n\t\t\n<style>\n#text-2986986829 {\n  font-size: 0.9rem;\n  text-align: left;\n}\n<\/style>\n\t<\/div>\n\t\n\n\t\t<\/div>\n\t\t\t\t\n<style>\n#col-1910000546 > .col-inner {\n  padding: 25px 0px 0px 0px;\n}\n<\/style>\n\t<\/div>\n\n\t\n\n\t<div id=\"col-380886729\" class=\"col medium-6 small-12 large-6\"  >\n\t\t\t\t<div class=\"col-inner\"  >\n\t\t\t\n\t\t\t\n\n\t<div class=\"img has-hover x md-x lg-x y md-y lg-y\" id=\"image_1031029108\">\n\t\t\t\t\t\t<div data-animate=\"fadeInRight\">\t\t<div class=\"img-inner dark\" >\n\t\t\t<img loading=\"lazy\" decoding=\"async\" width=\"800\" height=\"800\" src=\"https:\/\/vilapixel.com\/clientes\/funnypics\/site\/wp-content\/uploads\/2022\/11\/sobre-funny.png\" class=\"attachment-large size-large\" alt=\"\" srcset=\"https:\/\/vilapixel.com\/clientes\/funnypics\/site\/wp-content\/uploads\/2022\/11\/sobre-funny.png 800w, https:\/\/vilapixel.com\/clientes\/funnypics\/site\/wp-content\/uploads\/2022\/11\/sobre-funny-400x400.png 400w, https:\/\/vilapixel.com\/clientes\/funnypics\/site\/wp-content\/uploads\/2022\/11\/sobre-funny-280x280.png 280w, https:\/\/vilapixel.com\/clientes\/funnypics\/site\/wp-content\/uploads\/2022\/11\/sobre-funny-768x768.png 768w\" sizes=\"auto, (max-width: 800px) 100vw, 800px\" \/>\t\t\t\t\t\t\n\t\t\t\t\t<\/div>\n\t\t<\/div>\t\t\t\t\t\t\n<style>\n#image_1031029108 {\n  width: 100%;\n}\n<\/style>\n\t<\/div>\n\t\n\n\n\t\t<\/div>\n\t\t\t\t\t<\/div>\n\n\t\n\n<\/div>\n\n\t\t<\/div>\n\n\t\t\n<style>\n#section_1666307418 {\n  padding-top: 50px;\n  padding-bottom: 50px;\n}\n#section_1666307418 .ux-shape-divider--top svg {\n  height: 150px;\n  --divider-top-width: 100%;\n}\n#section_1666307418 .ux-shape-divider--bottom svg {\n  height: 150px;\n  --divider-width: 100%;\n}\n<\/style>\n\t<\/section>\n\t\n\n\n<style>\n.header-wrapper #logo {\ndisplay:block !important;\n}\n<\/style>\n\n","protected":false},"excerpt":{"rendered":"","protected":false},"author":2,"featured_media":17,"parent":1470,"menu_order":0,"comment_status":"closed","ping_status":"closed","template":"page-blank.php","meta":{"footnotes":""},"class_list":["post-387","page","type-page","status-publish","has-post-thumbnail","hentry"],"yoast_head":"<!-- This site is optimized with the Yoast SEO plugin v20.0 - https:\/\/yoast.com\/wordpress\/plugins\/seo\/ -->\n<title>Funny Pics - Sobre n\u00f3s<\/title>\n<meta name=\"robots\" content=\"index, follow, max-snippet:-1, max-image-preview:large, max-video-preview:-1\" \/>\n<link rel=\"canonical\" href=\"https:\/\/vilapixel.com\/clientes\/funnypics\/site\/home\/funny-pics\/\" \/>\n<meta property=\"og:locale\" content=\"pt_BR\" \/>\n<meta property=\"og:type\" content=\"article\" \/>\n<meta property=\"og:title\" content=\"Funny Pics - Sobre n\u00f3s\" \/>\n<meta property=\"og:url\" content=\"https:\/\/vilapixel.com\/clientes\/funnypics\/site\/home\/funny-pics\/\" \/>\n<meta property=\"og:site_name\" content=\"Funny Pics\" \/>\n<meta property=\"article:publisher\" content=\"https:\/\/www.facebook.com\/fpfunnypics\" \/>\n<meta property=\"article:modified_time\" content=\"2023-02-03T19:44:31+00:00\" \/>\n<meta property=\"og:image\" content=\"https:\/\/vilapixel.com\/clientes\/funnypics\/site\/wp-content\/uploads\/2016\/08\/dummy-1.jpg\" \/>\n\t<meta property=\"og:image:width\" content=\"400\" \/>\n\t<meta property=\"og:image:height\" content=\"260\" \/>\n\t<meta property=\"og:image:type\" content=\"image\/jpeg\" \/>\n<meta name=\"twitter:card\" content=\"summary_large_image\" \/>\n<meta name=\"twitter:label1\" content=\"Est. tempo de leitura\" \/>\n\t<meta name=\"twitter:data1\" content=\"1 minuto\" \/>\n<script type=\"application\/ld+json\" class=\"yoast-schema-graph\">{\"@context\":\"https:\/\/schema.org\",\"@graph\":[{\"@type\":\"WebPage\",\"@id\":\"https:\/\/vilapixel.com\/clientes\/funnypics\/site\/home\/funny-pics\/\",\"url\":\"https:\/\/vilapixel.com\/clientes\/funnypics\/site\/home\/funny-pics\/\",\"name\":\"Funny Pics - Sobre n\u00f3s\",\"isPartOf\":{\"@id\":\"https:\/\/vilapixel.com\/clientes\/funnypics\/site\/#website\"},\"datePublished\":\"2022-11-29T14:39:34+00:00\",\"dateModified\":\"2023-02-03T19:44:31+00:00\",\"breadcrumb\":{\"@id\":\"https:\/\/vilapixel.com\/clientes\/funnypics\/site\/home\/funny-pics\/#breadcrumb\"},\"inLanguage\":\"pt-BR\",\"potentialAction\":[{\"@type\":\"ReadAction\",\"target\":[\"https:\/\/vilapixel.com\/clientes\/funnypics\/site\/home\/funny-pics\/\"]}]},{\"@type\":\"BreadcrumbList\",\"@id\":\"https:\/\/vilapixel.com\/clientes\/funnypics\/site\/home\/funny-pics\/#breadcrumb\",\"itemListElement\":[{\"@type\":\"ListItem\",\"position\":1,\"name\":\"In\u00edcio\",\"item\":\"https:\/\/vilapixel.com\/clientes\/funnypics\/site\/\"},{\"@type\":\"ListItem\",\"position\":2,\"name\":\"Home\",\"item\":\"https:\/\/vilapixel.com\/clientes\/funnypics\/site\/\"},{\"@type\":\"ListItem\",\"position\":3,\"name\":\"Funny Pics\"}]},{\"@type\":\"WebSite\",\"@id\":\"https:\/\/vilapixel.com\/clientes\/funnypics\/site\/#website\",\"url\":\"https:\/\/vilapixel.com\/clientes\/funnypics\/site\/\",\"name\":\"Funny Pics\",\"description\":\"Sua festa com muito mais divers\u00e3o!\",\"publisher\":{\"@id\":\"https:\/\/vilapixel.com\/clientes\/funnypics\/site\/#organization\"},\"potentialAction\":[{\"@type\":\"SearchAction\",\"target\":{\"@type\":\"EntryPoint\",\"urlTemplate\":\"https:\/\/vilapixel.com\/clientes\/funnypics\/site\/?s={search_term_string}\"},\"query-input\":\"required name=search_term_string\"}],\"inLanguage\":\"pt-BR\"},{\"@type\":\"Organization\",\"@id\":\"https:\/\/vilapixel.com\/clientes\/funnypics\/site\/#organization\",\"name\":\"Funny Pics\",\"url\":\"https:\/\/vilapixel.com\/clientes\/funnypics\/site\/\",\"logo\":{\"@type\":\"ImageObject\",\"inLanguage\":\"pt-BR\",\"@id\":\"https:\/\/vilapixel.com\/clientes\/funnypics\/site\/#\/schema\/logo\/image\/\",\"url\":\"https:\/\/vilapixel.com\/clientes\/funnypics\/site\/wp-content\/uploads\/2022\/12\/logo-funny-pics.png\",\"contentUrl\":\"https:\/\/vilapixel.com\/clientes\/funnypics\/site\/wp-content\/uploads\/2022\/12\/logo-funny-pics.png\",\"width\":575,\"height\":133,\"caption\":\"Funny Pics\"},\"image\":{\"@id\":\"https:\/\/vilapixel.com\/clientes\/funnypics\/site\/#\/schema\/logo\/image\/\"},\"sameAs\":[\"https:\/\/www.instagram.com\/funnypicsoficial\/\",\"https:\/\/www.facebook.com\/fpfunnypics\"]}]}<\/script>\n<!-- \/ Yoast SEO plugin. -->","yoast_head_json":{"title":"Funny Pics - Sobre n\u00f3s","robots":{"index":"index","follow":"follow","max-snippet":"max-snippet:-1","max-image-preview":"max-image-preview:large","max-video-preview":"max-video-preview:-1"},"canonical":"https:\/\/vilapixel.com\/clientes\/funnypics\/site\/home\/funny-pics\/","og_locale":"pt_BR","og_type":"article","og_title":"Funny Pics - Sobre n\u00f3s","og_url":"https:\/\/vilapixel.com\/clientes\/funnypics\/site\/home\/funny-pics\/","og_site_name":"Funny Pics","article_publisher":"https:\/\/www.facebook.com\/fpfunnypics","article_modified_time":"2023-02-03T19:44:31+00:00","og_image":[{"width":400,"height":260,"url":"https:\/\/vilapixel.com\/clientes\/funnypics\/site\/wp-content\/uploads\/2016\/08\/dummy-1.jpg","type":"image\/jpeg"}],"twitter_card":"summary_large_image","twitter_misc":{"Est. tempo de leitura":"1 minuto"},"schema":{"@context":"https:\/\/schema.org","@graph":[{"@type":"WebPage","@id":"https:\/\/vilapixel.com\/clientes\/funnypics\/site\/home\/funny-pics\/","url":"https:\/\/vilapixel.com\/clientes\/funnypics\/site\/home\/funny-pics\/","name":"Funny Pics - Sobre n\u00f3s","isPartOf":{"@id":"https:\/\/vilapixel.com\/clientes\/funnypics\/site\/#website"},"datePublished":"2022-11-29T14:39:34+00:00","dateModified":"2023-02-03T19:44:31+00:00","breadcrumb":{"@id":"https:\/\/vilapixel.com\/clientes\/funnypics\/site\/home\/funny-pics\/#breadcrumb"},"inLanguage":"pt-BR","potentialAction":[{"@type":"ReadAction","target":["https:\/\/vilapixel.com\/clientes\/funnypics\/site\/home\/funny-pics\/"]}]},{"@type":"BreadcrumbList","@id":"https:\/\/vilapixel.com\/clientes\/funnypics\/site\/home\/funny-pics\/#breadcrumb","itemListElement":[{"@type":"ListItem","position":1,"name":"In\u00edcio","item":"https:\/\/vilapixel.com\/clientes\/funnypics\/site\/"},{"@type":"ListItem","position":2,"name":"Home","item":"https:\/\/vilapixel.com\/clientes\/funnypics\/site\/"},{"@type":"ListItem","position":3,"name":"Funny Pics"}]},{"@type":"WebSite","@id":"https:\/\/vilapixel.com\/clientes\/funnypics\/site\/#website","url":"https:\/\/vilapixel.com\/clientes\/funnypics\/site\/","name":"Funny Pics","description":"Sua festa com muito mais divers\u00e3o!","publisher":{"@id":"https:\/\/vilapixel.com\/clientes\/funnypics\/site\/#organization"},"potentialAction":[{"@type":"SearchAction","target":{"@type":"EntryPoint","urlTemplate":"https:\/\/vilapixel.com\/clientes\/funnypics\/site\/?s={search_term_string}"},"query-input":"required name=search_term_string"}],"inLanguage":"pt-BR"},{"@type":"Organization","@id":"https:\/\/vilapixel.com\/clientes\/funnypics\/site\/#organization","name":"Funny Pics","url":"https:\/\/vilapixel.com\/clientes\/funnypics\/site\/","logo":{"@type":"ImageObject","inLanguage":"pt-BR","@id":"https:\/\/vilapixel.com\/clientes\/funnypics\/site\/#\/schema\/logo\/image\/","url":"https:\/\/vilapixel.com\/clientes\/funnypics\/site\/wp-content\/uploads\/2022\/12\/logo-funny-pics.png","contentUrl":"https:\/\/vilapixel.com\/clientes\/funnypics\/site\/wp-content\/uploads\/2022\/12\/logo-funny-pics.png","width":575,"height":133,"caption":"Funny Pics"},"image":{"@id":"https:\/\/vilapixel.com\/clientes\/funnypics\/site\/#\/schema\/logo\/image\/"},"sameAs":["https:\/\/www.instagram.com\/funnypicsoficial\/","https:\/\/www.facebook.com\/fpfunnypics"]}]}},"_links":{"self":[{"href":"https:\/\/vilapixel.com\/clientes\/funnypics\/site\/wp-json\/wp\/v2\/pages\/387","targetHints":{"allow":["GET"]}}],"collection":[{"href":"https:\/\/vilapixel.com\/clientes\/funnypics\/site\/wp-json\/wp\/v2\/pages"}],"about":[{"href":"https:\/\/vilapixel.com\/clientes\/funnypics\/site\/wp-json\/wp\/v2\/types\/page"}],"author":[{"embeddable":true,"href":"https:\/\/vilapixel.com\/clientes\/funnypics\/site\/wp-json\/wp\/v2\/users\/2"}],"replies":[{"embeddable":true,"href":"https:\/\/vilapixel.com\/clientes\/funnypics\/site\/wp-json\/wp\/v2\/comments?post=387"}],"version-history":[{"count":27,"href":"https:\/\/vilapixel.com\/clientes\/funnypics\/site\/wp-json\/wp\/v2\/pages\/387\/revisions"}],"predecessor-version":[{"id":1556,"href":"https:\/\/vilapixel.com\/clientes\/funnypics\/site\/wp-json\/wp\/v2\/pages\/387\/revisions\/1556"}],"up":[{"embeddable":true,"href":"https:\/\/vilapixel.com\/clientes\/funnypics\/site\/wp-json\/wp\/v2\/pages\/1470"}],"wp:featuredmedia":[{"embeddable":true,"href":"https:\/\/vilapixel.com\/clientes\/funnypics\/site\/wp-json\/wp\/v2\/media\/17"}],"wp:attachment":[{"href":"https:\/\/vilapixel.com\/clientes\/funnypics\/site\/wp-json\/wp\/v2\/media?parent=387"}],"curies":[{"name":"wp","href":"https:\/\/api.w.org\/{rel}","templated":true}]}}